{"id":82,"date":"2017-06-09T18:11:54","date_gmt":"2017-06-09T18:11:54","guid":{"rendered":"http:\/\/fotoalbum.clanoflennylengo.de\/?page_id=82"},"modified":"2025-09-04T01:16:41","modified_gmt":"2025-09-03T23:16:41","slug":"zuchtmaeuse","status":"publish","type":"page","link":"http:\/\/fotoalbum.clanoflennylengo.de\/?page_id=82","title":{"rendered":"Zuchtm\u00e4use (in \u00dcberarbeitung)"},"content":{"rendered":"<p style=\"text-align: justify;\"><em>Der LennyLengoClan besch\u00e4ftigt sich schwerpunktm\u00e4\u00dfig mit der Zucht von mittelgro\u00dfen bis gro\u00dfen Rennm\u00e4usen. Neben etablierten Linien werden h\u00e4ufig <strong>Testverpaarungen<\/strong> ausgef\u00fchrt, um die Auswirkungen neuer (Farb) Mutationen dokumentieren zu k\u00f6nnen (underwhite, darkpatch).<\/em><\/p>\n<p style=\"text-align: justify;\"><em>Die Erhaltung von vitalen und robusten Linien, die Verhaltensbeobachtung der Spezi Rennmaus und die Hilfestellung bei Schwierigkeiten in der Haltung und Vergesellschaftungen beschreiben das Arbeitsfeld der Rennmauszucht aus Oberhausen.&nbsp;<\/em><\/p>\n<p style=\"text-align: justify;\"><em>Der Clan achtet auf Einhaltung einer <strong>tiergerechten<\/strong> Zucht. Es werden Verpaarungen vermieden, die auf Kosten der Gesundheit der Rennm\u00e4use gehen. Darunter fallen insbesondere Verpaarungen, die mit hoher Wahrscheinlichkeit Nachkommen erzeugen, die taub sind , Koordinationsprobleme aufgrund eingeschr\u00e4nkter Sehf\u00e4higkeit haben, einen eingeschr\u00e4nkten Tastsinn aufgrund verkr\u00fcppelter Vibrissen vorweisen, oder andere Defizite besitzen, die die Lebensqualit\u00e4t der Maus beeintr\u00e4chtigen . Darunter fallen auch neuere Fellvarianten. <\/em><\/p>\n<p style=\"text-align: justify;\"><em>Der LennyLengoClan f\u00fchrt seine Zuchtm\u00e4use nicht gesondert auf. Es wird in <strong>Linien<\/strong> gez\u00fcchtet&nbsp; wenn notwendig mit Einkreuzungen. Neben etablierten Linien im Clan werden regelm\u00e4\u00dfig neue Linien durch Zukauf von Zuchttieren gegr\u00fcndet, gefestigt oder auch wieder eingestellt.<\/em><\/p>\n<p style=\"text-align: justify;\"><em> Grunds\u00e4tzlich kommt bei neuen Linien zuerst die <strong>Inzestverpaarung<\/strong> zum Einsatz um eventuell fr\u00fchzeitig einfache Erbsch\u00e4den zu erkennen. Da die Krampfanf\u00e4lligkeit bzw. das Vorhandensein jeglicher Form von <strong>Epilepsie<\/strong> nicht durch Verpaarungsstrategien eliminiert werden kann, werden die Zuchttiere und deren Nachkommen explizit getestet und unter Umst\u00e4nden die Linie wieder eingestellt.<\/em><\/p>\n<p style=\"text-align: justify;\"><em> Die Zucht orientiert sich dabei immer an den <strong>m\u00e4nnlichen<\/strong> Zuchttieren, wenn Tiere zugekauft und eingekreuzt werden. Aus genetischer Sichtweise w\u00e4re es genau anders herum optimal, aber in der Praxis ist das Zeitfenster der Fortpflanzung leider recht kurz und \u00fcberschaubar.&nbsp;<\/em><\/p>\n<p>&nbsp;<\/p>\n<p style=\"text-align: justify;\">&nbsp;<\/p>\n<p>&nbsp;<\/p>\n<p style=\"text-align: left;\"><em><span style=\"font-size: 16px;\"><b><u>Zuchtlinien\/Testlinien im Clan<\/u><\/b><\/span><\/em><\/p>\n<ul>\n<li><strong>Linie 1:<\/strong> Schimmellinie I \/ ZB01-S1L-F2G-2023 -W1-4.2.6-2024 \/ ZBK-LS1SIZEMAXF96<\/li>\n<\/ul>\n<p style=\"text-align: center;\"><a href=\"http:\/\/fotoalbum.clanoflennylengo.de\/wp-content\/uploads\/2024\/09\/459033625_937200175117384_5583257731992238178_n.jpg\"><img decoding=\"async\" class=\"size-thumbnail wp-image-2937 alignnone\" src=\"http:\/\/fotoalbum.clanoflennylengo.de\/wp-content\/uploads\/2024\/09\/459033625_937200175117384_5583257731992238178_n-150x150.jpg\" alt=\"\" width=\"150\" height=\"150\"><\/a><a href=\"http:\/\/fotoalbum.clanoflennylengo.de\/wp-content\/uploads\/2024\/09\/459111789_937200088450726_2503017849887209952_n.jpg\"><img decoding=\"async\" class=\"size-thumbnail wp-image-2935 aligncenter\" src=\"http:\/\/fotoalbum.clanoflennylengo.de\/wp-content\/uploads\/2024\/09\/459111789_937200088450726_2503017849887209952_n-150x150.jpg\" alt=\"\" width=\"150\" height=\"150\"><\/a><\/p>\n<ul>\n<li><strong>Linie 2: <\/strong>Scheckenlinie I \/ ZB02-S+SD-F3G-2021-W12-36.42.78-2024 \/ ZBK-LS+1SIZEMEDIF92<\/li>\n<li><strong>Linie 3: <\/strong>Scheckenlinie II \/ ZB03-S+SDR-F1G-2024-W01-0.0.5-2024 \/ ZBK-LS+RSIZEMEDIF93<\/li>\n<li><strong>Linie 4:&nbsp;<\/strong>Colorpoint-Dilute-underwhite-Scheckenlinie I \/ ZB04-LCPDILUWS+-F0G-2024-W01- 0.0.5 &#8211; 2024 \/ ZBK-LS+UWCPSIZEMEDIF95<\/li>\n<li><span style=\"color: #ffffff;\"><strong><em><sup>Linie 1\/ Be1: Scheckengruppe schwarz *Standardscheckung*<\/sup><\/em><\/strong><\/span>\n<ul>\n<li style=\"text-align: left;\">\n<pre><span style=\"color: #ffffff;\"><strong><em><sup>Linie 3\/ Be6: Darkpatch Linie I *Patch, Schecken*<\/sup><\/em><\/strong><\/span><\/pre>\n<\/li>\n<li style=\"text-align: left;\">\n<pre><span style=\"color: #ffffff;\"><strong><em><sup>Linie 4\/ Be7: CP Linie I *Uni, Schecken*<\/sup><\/em><\/strong><\/span><\/pre>\n<\/li>\n<li style=\"text-align: left;\">\n<pre><span style=\"color: #ffffff;\"><strong><em><sup>Linie 5\/ Be8: Schimmmel Linie I *Uni, Schecken*<\/sup><\/em><\/strong><\/span><\/pre>\n<\/li>\n<li style=\"text-align: left;\">\n<pre><span style=\"color: #ffffff;\"><strong><em><sup>Linie 6\/ Be9: Creme - azure slate Linie I *uni*<\/sup><\/em><\/strong><\/span><\/pre>\n<\/li>\n<li style=\"text-align: left;\">\n<pre><span style=\"color: #ffffff;\"><strong><em><sup>Linie 7\/ Be10: Fuchsgruppe I *Polar\/Blauf\u00fcchse uni*<\/sup><\/em><\/strong><\/span><\/pre>\n<\/li>\n<li style=\"text-align: left;\">\n<pre><span style=\"color: #ffffff;\"><strong><em><sup>Linie 8 \/ Be11: Fuchsgruppe II *Russland \/ Deutschland*<\/sup><\/em><\/strong><\/span><\/pre>\n<\/li>\n<li>\n<pre><span style=\"color: #ffffff;\"><strong><em><sup>Linie 9 \/ Be12: Fuchsgruppe III *Russland\/Deutschland*<\/sup><\/em><\/strong><\/span><\/pre>\n<\/li>\n<li>\n<pre><span style=\"color: #ffffff;\"><strong><em><sup>Linie 10 \/ Be13: Fuchsgruppe IV *Niederlande \/ Deutschland*\n<\/sup><\/em><\/strong><\/span><\/pre>\n<\/li>\n<\/ul>\n<\/li>\n<\/ul>\n<p>&nbsp;<\/p>\n<p>&nbsp;<\/p>\n<ul>\n<li style=\"list-style-type: none; text-align: left;\"><em style=\"font-size: inherit;\"><span style=\"text-decoration: underline; font-size: 16px;\"><strong><span style=\"font-family: tahoma, arial, helvetica, sans-serif;\">Zuchtstandard<\/span><\/strong><\/span><\/em><\/li>\n<\/ul>\n<ul>\n<li style=\"text-align: left;\">\n<h6><span style=\"color: #808080;\"><em><span style=\"font-size: 14px;\">Eigener Zuchtraum, tempor\u00e4rer Quarant\u00e4neraum<\/span><\/em><\/span><\/h6>\n<\/li>\n<li>17 Zuchtbecken, 9 Notbecken<\/li>\n<li style=\"text-align: left;\">\n<h6><span style=\"color: #808080;\"><em>Tageslicht, k\u00fcnstliches Licht<\/em><\/span><\/h6>\n<\/li>\n<li style=\"text-align: left;\">\n<h6><span style=\"color: #808080;\"><em>\u00dcberwachung\/Regelung Temperatur, Feuchte<\/em><\/span><\/h6>\n<\/li>\n<li style=\"text-align: left;\">\n<h6><span style=\"color: #808080;\"><em>14 &#8211; t\u00e4giger kompletter Einstreuwechsel<\/em><\/span><\/h6>\n<\/li>\n<li style=\"text-align: left;\">\n<h6><span style=\"color: #808080;\"><em>T\u00e4gliche F\u00fctterung, Frischwassergabe<\/em><\/span><\/h6>\n<\/li>\n<li style=\"text-align: left;\">\n<h6><span style=\"color: #808080;\"><em>T\u00e4gliche Kontrolle, Jungtierkontrolle<\/em><\/span><\/h6>\n<\/li>\n<li style=\"text-align: left;\">\n<h6><span style=\"color: #808080;\"><em>Zuchtstrategie Familienzucht<\/em><\/span><\/h6>\n<\/li>\n<li style=\"text-align: left;\">\n<h6><span style=\"color: #808080;\"><em><span style=\"font-size: 14px;\">Endo-, Ektoparasitenprophylaxe<\/span><\/em><\/span><\/h6>\n<\/li>\n<li style=\"text-align: left;\">\n<h6><span style=\"color: #808080;\"><em>Nichtraucherhaushalt<\/em><\/span><\/h6>\n<\/li>\n<\/ul>\n<p style=\"text-align: left;\">&nbsp;<\/p>\n<p>&nbsp;<\/p>\n<table>\n<tbody>\n<tr>\n<td>\n<table style=\"height: 1047px;\" border=\"0\" width=\"528\" cellspacing=\"0\" cellpadding=\"0\">\n<tbody>\n<tr>\n<td style=\"width: 514px;\" bgcolor=\"#D0CCC4\">\n<h3 style=\"text-align: center;\"><span style=\"background-color: #808080; color: #ffffff;\"><strong>Import \/ Export Zuchtm\u00e4use<\/strong><\/span><\/h3>\n<p style=\"text-align: center;\"><u><b>Einkreuzung von Zuchtm\u00e4usen:<\/b><\/u><\/p>\n<p style=\"text-align: center;\">&nbsp;<b>Gerbilfokkerij Wessanda (NL)<\/b><\/p>\n<p style=\"text-align: center;\"><b>Clan Of Happy Mice (D)<\/b><\/p>\n<p style=\"text-align: center;\"><b>Freddy Braun (D)<\/b><\/p>\n<p style=\"text-align: center;\"><b>Clan Of Little Soldiers<\/b> <b>(D)<\/b><\/p>\n<p style=\"text-align: center;\"><b>Clan Of Tamyna<\/b> <b>(D)<\/b><\/p>\n<p style=\"text-align: center;\"><b>Alice Langeveld \/ Silver Oak Farm<\/b> <b>(NL)<\/b><\/p>\n<p style=\"text-align: center;\"><b>The Fifth Element (NL<\/b>)<\/p>\n<p style=\"text-align: center;\"><b>Trina NG (Singapur)<\/b><\/p>\n<p style=\"text-align: center;\"><b>Skyler&#8217;s Rennmaus Clan (D)<\/b><\/p>\n<p style=\"text-align: center;\"><strong>Gerbil Sassefras, gerbilfokkerij (Niederlande)<\/strong><\/p>\n<p style=\"text-align: center;\"><b>Gerbilfokkerij Carpe Diem (NL)<\/b><\/p>\n<p style=\"text-align: center;\"><strong>Darlind Shurshik &amp; Mogilevskiy Grynuzik (RUS)<\/strong><\/p>\n<p style=\"text-align: center;\"><strong>Clan der Stadtm\u00e4use (D)<\/strong><\/p>\n<p style=\"text-align: center;\"><strong>Die Ruhrpottnasen (D)<\/strong><\/p>\n<p style=\"text-align: center;\">&nbsp;<\/p>\n<\/td>\n<\/tr>\n<tr>\n<td style=\"text-align: center; width: 514px;\" bgcolor=\"#D0CCC4\">&nbsp;<br \/>\n<u><b>Zuchtgeeignete Tiere wurden abgegeben an:<\/b><\/u>&nbsp;&nbsp;&nbsp;&nbsp;&nbsp;&nbsp;&nbsp;&nbsp;&nbsp;&nbsp;&nbsp;&nbsp;&nbsp;&nbsp;&nbsp;&nbsp;&nbsp;&nbsp;&nbsp;&nbsp;&nbsp;&nbsp;&nbsp;&nbsp;&nbsp;&nbsp;&nbsp;&nbsp;&nbsp;&nbsp;&nbsp;&nbsp;&nbsp;&nbsp;&nbsp;&nbsp;&nbsp;&nbsp;&nbsp;&nbsp;&nbsp;&nbsp;<\/p>\n<p style=\"text-align: center;\"><b>Gerbilfokkerij Wessanda (NL)<br \/>\n<\/b><\/p>\n<p style=\"text-align: center;\"><b>Clan Of Little Angels (D)<\/b><\/p>\n<p style=\"text-align: center;\"><b>Kleine Chaoten Zucht (D)<\/b><\/p>\n<p style=\"text-align: center;\"><b>Zucht der Kleene Mauzie (D)<\/b><\/p>\n<p style=\"text-align: center;\"><b>Clan Of La Salida Del Sol (D)<\/b><\/p>\n<p style=\"text-align: center;\"><b>Clan Of Happy Mice (D)<\/b><\/p>\n<p style=\"text-align: center;\"><b>Clan Of Toxic Traffic (CH)<\/b><\/p>\n<p style=\"text-align: center;\"><b>Clan Of Little Runner&#8217;s (D)<\/b><\/p>\n<p style=\"text-align: center;\">&nbsp;<b> Knaagdierenhuis Doo-Little (NL)<\/b><\/p>\n<p style=\"text-align: center;\">&nbsp;<b>Gerbilfokkerij The Fifth Element (NL)<\/b><\/p>\n<p style=\"text-align: center;\">&nbsp;<b>Gerbilfokkerij Carpe Diem (NL)<\/b><\/p>\n<p style=\"text-align: center;\"><b>Clan Of Tamyna<\/b>&nbsp;<b>(D)<\/b><\/p>\n<p style=\"text-align: center;\"><b>Clan Of Old Birch (Schweiz)<\/b><\/p>\n<p style=\"text-align: center;\"><b>Suvi Pulkkinen (Finland)<\/b><\/p>\n<p style=\"text-align: center;\"><b>Claire Cergilles (Frankreich)<\/b><\/p>\n<p style=\"text-align: center;\"><b>Clan Of New Dawn (D)<\/b><\/p>\n<p style=\"text-align: center;\"><b>Sporch Renner (D)<\/b><\/p>\n<p style=\"text-align: center;\"><b>Sacha Ravenstein (NL)<\/b><\/p>\n<p style=\"text-align: center;\"><b>Les Gerbilles D&#8217;Amour (Frankreich)<\/b>&nbsp;<\/p>\n<p style=\"text-align: center;\"><strong>Sebastian Martensson (Schweden)<\/strong><\/p>\n<p style=\"text-align: center;\"><b>&nbsp;Gerbilles Du 90 (Frankreich)<\/b><\/p>\n<p style=\"text-align: center;\"><b>Clan Of Black Forest (D)<\/b><\/p>\n<p style=\"text-align: center;\"><strong>Rastatter Fellnasen (D)<\/strong><\/p>\n<p style=\"text-align: center;\"><strong>Les Gerbilles en Provence &#8211; Elevage (Frankreich)<\/strong><\/p>\n<p style=\"text-align: center;\"><strong>Gerbilfokkerij &#8218;t Schubje (Niederlande)<\/strong><\/p>\n<p style=\"text-align: center;\"><strong>Sara Eklund (Schweden)<\/strong><\/p>\n<p style=\"text-align: center;\"><strong>Tsunamis Uppf\u00f6dning (Schweden)<\/strong><\/p>\n<p style=\"text-align: center;\"><strong>Le M\u00e9rione Merveilleux (Frankreich)<\/strong><\/p>\n<p style=\"text-align: center;\"><strong>Rennmauszucht Diepholzer Fellnasen (Deutschland)<\/strong><\/p>\n<p style=\"text-align: center;\"><strong>Clan der kleinen Warnowrenner &#8211; Rennmauszucht (D)<\/strong><\/p>\n<p style=\"text-align: center;\"><strong>Diana Aznaeva (Russland)<\/strong><\/p>\n<p style=\"text-align: center;\"><strong>Ewa \u017byma\u0144czyk (Polen)<\/strong><\/p>\n<p style=\"text-align: center;\"><strong>M\u00fcnchner Stadt M\u00e4use (Deutschland)<\/strong><\/p>\n<p style=\"text-align: center;\"><strong>Rennerzucht (Schweiz)<\/strong><\/p>\n<p style=\"text-align: center;\"><strong>Clan Of Wild Dreams (D)<\/strong><\/p>\n<p style=\"text-align: center;\"><strong>Die Ruhrpottnasen (D)<\/strong><\/p>\n<p><strong>Clan Of Happy Runner (Schweiz)<\/strong><\/td>\n<\/tr>\n<\/tbody>\n<\/table>\n<\/td>\n<\/tr>\n<tr>\n<td style=\"text-align: center;\"><span style=\"font-size: 8pt;\"><b>Unabh\u00e4ngiger Z\u00fcchter (meriones unguiculatus) Michael Lengowski \/ Clan Of LennyLengo<\/b><\/span>&nbsp;&nbsp;&nbsp;&nbsp;&nbsp;&nbsp;&nbsp;&nbsp;&nbsp;&nbsp;&nbsp;&nbsp;&nbsp;&nbsp;&nbsp;&nbsp;&nbsp;&nbsp;&nbsp;&nbsp;&nbsp;&nbsp;&nbsp;&nbsp;&nbsp;&nbsp;&nbsp;&nbsp;&nbsp;<\/p>\n<p style=\"text-align: center;\"><span style=\"font-size: 8pt;\"><b>Mitglied im N.K.V. (Niederlande<\/b>)<\/span><\/p>\n<\/td>\n<\/tr>\n<tr>\n<td><span style=\"font-size: 8pt;\">&nbsp;<\/span><\/td>\n<\/tr>\n<\/tbody>\n<\/table>\n<div class=\"pvc_clear\"><\/div>\n<p id=\"pvc_stats_82\" class=\"pvc_stats all  \" data-element-id=\"82\" style=\"\"><i class=\"pvc-stats-icon medium\" aria-hidden=\"true\"><svg aria-hidden=\"true\" focusable=\"false\" data-prefix=\"far\" data-icon=\"chart-bar\" role=\"img\" xmlns=\"http:\/\/www.w3.org\/2000\/svg\" viewBox=\"0 0 512 512\" class=\"svg-inline--fa fa-chart-bar fa-w-16 fa-2x\"><path fill=\"currentColor\" d=\"M396.8 352h22.4c6.4 0 12.8-6.4 12.8-12.8V108.8c0-6.4-6.4-12.8-12.8-12.8h-22.4c-6.4 0-12.8 6.4-12.8 12.8v230.4c0 6.4 6.4 12.8 12.8 12.8zm-192 0h22.4c6.4 0 12.8-6.4 12.8-12.8V140.8c0-6.4-6.4-12.8-12.8-12.8h-22.4c-6.4 0-12.8 6.4-12.8 12.8v198.4c0 6.4 6.4 12.8 12.8 12.8zm96 0h22.4c6.4 0 12.8-6.4 12.8-12.8V204.8c0-6.4-6.4-12.8-12.8-12.8h-22.4c-6.4 0-12.8 6.4-12.8 12.8v134.4c0 6.4 6.4 12.8 12.8 12.8zM496 400H48V80c0-8.84-7.16-16-16-16H16C7.16 64 0 71.16 0 80v336c0 17.67 14.33 32 32 32h464c8.84 0 16-7.16 16-16v-16c0-8.84-7.16-16-16-16zm-387.2-48h22.4c6.4 0 12.8-6.4 12.8-12.8v-70.4c0-6.4-6.4-12.8-12.8-12.8h-22.4c-6.4 0-12.8 6.4-12.8 12.8v70.4c0 6.4 6.4 12.8 12.8 12.8z\" class=\"\"><\/path><\/svg><\/i> <img decoding=\"async\" width=\"16\" height=\"16\" alt=\"Loading\" src=\"http:\/\/fotoalbum.clanoflennylengo.de\/wp-content\/plugins\/page-views-count\/ajax-loader-2x.gif\" border=0 \/><\/p>\n<div class=\"pvc_clear\"><\/div>\n","protected":false},"excerpt":{"rendered":"<p>Der LennyLengoClan besch\u00e4ftigt sich schwerpunktm\u00e4\u00dfig mit der Zucht von mittelgro\u00dfen bis gro\u00dfen Rennm\u00e4usen. Neben etablierten Linien werden h\u00e4ufig Testverpaarungen ausgef\u00fchrt, um die Auswirkungen neuer (Farb) Mutationen dokumentieren zu k\u00f6nnen (underwhite, darkpatch). Die Erhaltung von vitalen und robusten Linien, die Verhaltensbeobachtung der Spezi Rennmaus und die Hilfestellung bei Schwierigkeiten in der Haltung und Vergesellschaftungen beschreiben das [&hellip;]<\/p>\n<div class=\"pvc_clear\"><\/div>\n<p id=\"pvc_stats_82\" class=\"pvc_stats all  \" data-element-id=\"82\" style=\"\"><i class=\"pvc-stats-icon medium\" aria-hidden=\"true\"><svg aria-hidden=\"true\" focusable=\"false\" data-prefix=\"far\" data-icon=\"chart-bar\" role=\"img\" xmlns=\"http:\/\/www.w3.org\/2000\/svg\" viewBox=\"0 0 512 512\" class=\"svg-inline--fa fa-chart-bar fa-w-16 fa-2x\"><path fill=\"currentColor\" d=\"M396.8 352h22.4c6.4 0 12.8-6.4 12.8-12.8V108.8c0-6.4-6.4-12.8-12.8-12.8h-22.4c-6.4 0-12.8 6.4-12.8 12.8v230.4c0 6.4 6.4 12.8 12.8 12.8zm-192 0h22.4c6.4 0 12.8-6.4 12.8-12.8V140.8c0-6.4-6.4-12.8-12.8-12.8h-22.4c-6.4 0-12.8 6.4-12.8 12.8v198.4c0 6.4 6.4 12.8 12.8 12.8zm96 0h22.4c6.4 0 12.8-6.4 12.8-12.8V204.8c0-6.4-6.4-12.8-12.8-12.8h-22.4c-6.4 0-12.8 6.4-12.8 12.8v134.4c0 6.4 6.4 12.8 12.8 12.8zM496 400H48V80c0-8.84-7.16-16-16-16H16C7.16 64 0 71.16 0 80v336c0 17.67 14.33 32 32 32h464c8.84 0 16-7.16 16-16v-16c0-8.84-7.16-16-16-16zm-387.2-48h22.4c6.4 0 12.8-6.4 12.8-12.8v-70.4c0-6.4-6.4-12.8-12.8-12.8h-22.4c-6.4 0-12.8 6.4-12.8 12.8v70.4c0 6.4 6.4 12.8 12.8 12.8z\" class=\"\"><\/path><\/svg><\/i> <img decoding=\"async\" width=\"16\" height=\"16\" alt=\"Loading\" src=\"http:\/\/fotoalbum.clanoflennylengo.de\/wp-content\/plugins\/page-views-count\/ajax-loader-2x.gif\" border=0 \/><\/p>\n<div class=\"pvc_clear\"><\/div>\n","protected":false},"author":1,"featured_media":0,"parent":0,"menu_order":0,"comment_status":"closed","ping_status":"closed","template":"","meta":{"_acf_changed":false,"_eb_attr":"","_monsterinsights_skip_tracking":false,"_monsterinsights_sitenote_active":false,"_monsterinsights_sitenote_note":"","_monsterinsights_sitenote_category":0,"_uf_show_specific_survey":0,"_uf_disable_surveys":false,"ngg_post_thumbnail":0,"two_page_speed":[],"footnotes":""},"class_list":["post-82","page","type-page","status-publish","hentry"],"acf":[],"aioseo_notices":[],"_links":{"self":[{"href":"http:\/\/fotoalbum.clanoflennylengo.de\/index.php?rest_route=\/wp\/v2\/pages\/82","targetHints":{"allow":["GET"]}}],"collection":[{"href":"http:\/\/fotoalbum.clanoflennylengo.de\/index.php?rest_route=\/wp\/v2\/pages"}],"about":[{"href":"http:\/\/fotoalbum.clanoflennylengo.de\/index.php?rest_route=\/wp\/v2\/types\/page"}],"author":[{"embeddable":true,"href":"http:\/\/fotoalbum.clanoflennylengo.de\/index.php?rest_route=\/wp\/v2\/users\/1"}],"replies":[{"embeddable":true,"href":"http:\/\/fotoalbum.clanoflennylengo.de\/index.php?rest_route=%2Fwp%2Fv2%2Fcomments&post=82"}],"version-history":[{"count":20,"href":"http:\/\/fotoalbum.clanoflennylengo.de\/index.php?rest_route=\/wp\/v2\/pages\/82\/revisions"}],"predecessor-version":[{"id":3807,"href":"http:\/\/fotoalbum.clanoflennylengo.de\/index.php?rest_route=\/wp\/v2\/pages\/82\/revisions\/3807"}],"wp:attachment":[{"href":"http:\/\/fotoalbum.clanoflennylengo.de\/index.php?rest_route=%2Fwp%2Fv2%2Fmedia&parent=82"}],"curies":[{"name":"wp","href":"https:\/\/api.w.org\/{rel}","templated":true}]}}