{"id":1286,"date":"2019-12-14T20:16:54","date_gmt":"2019-12-14T20:16:54","guid":{"rendered":"http:\/\/fotoalbum.clanoflennylengo.de\/?page_id=1286"},"modified":"2025-01-04T12:31:46","modified_gmt":"2025-01-04T11:31:46","slug":"zuechterliste","status":"publish","type":"page","link":"http:\/\/fotoalbum.clanoflennylengo.de\/?page_id=1286","title":{"rendered":"Z\u00fcchterliste"},"content":{"rendered":"\n<blockquote>\n<p style=\"text-align: justify;\"><span style=\"color: #808080;\">Bitte unterst\u00fctzen Sie beim Kauf von Rennm\u00e4usen unten aufgef\u00fchrte Zuchten. Idealerweise ist die regionale Zucht zu bevorzugen, um den Tieren nicht unn\u00f6tig Reisestress auszusetzen.<\/span><\/p>\n<p style=\"text-align: justify;\"><span style=\"color: #808080;\">Weitere Bezugsm\u00f6glichkeiten sind Pflegestellen, ein Tierheim oder eine versierte Zoohandlung. Letztgenannte Bezugsquellen sind aber besser nur f\u00fcr nagervertraute Personen geeignet, die sich schon etwas mit der Mongolischen Rennmaus auskennen.<\/span><\/p>\n<p style=\"text-align: justify;\"><span style=\"color: #808080;\">Die Beratung und die Abgabebedingungen k\u00f6nnen sich in den aufgef\u00fchrten Zuchten erheblich unterscheiden. Lassen Sie sich nicht irritieren und informieren Sie sich zeitgleich in Foren oder Gruppen um als Neuling einen gewissen \u00dcberblick zu erlangen.<\/span><\/p>\n<p style=\"text-align: justify;\"><span style=\"color: #800000;\">Durch Anw\u00e4hlen eines externen Links verlassen Sie den Bereich meiner Homepage.&nbsp;F\u00fcr die externen Inhalte sind die jeweiligen Seitenbetreiber verantwortlich.<\/span><\/p>\n<p style=\"text-align: justify;\">&nbsp;<\/p>\n<\/blockquote>\n\n\n\n<h3 class=\"wp-block-heading has-text-align-center\">Z\u00fcchterliste Mongolische Rennm\u00e4use europaweit<\/h3>\n\n\n\n<p><\/p>\n\n\n\n<p><strong>Deutschland<\/strong> (nach PLZ)<\/p>\n\n\n\n<p><\/p>\n\n\n\n<p><a href=\"https:\/\/rennmaus-paradies-dresden.jimdofree.com\/\" target=\"_blank\" rel=\"noopener\" title=\"\">Rennmauszucht Dresden<\/a> \/ Sachsen \/ 01219 Dresden<\/p>\n\n\n\n<p><a href=\"https:\/\/kleintierzucht-leipzig.de\/\" target=\"_blank\" rel=\"noreferrer noopener\">Clan of HappyMice<\/a> \/ Sachsen \/ 04207 Leipzig<\/p>\n\n\n\n<p><a href=\"https:\/\/www.facebook.com\/Clan.of.New.Dawn\/\">Clan of New Dawn<\/a> \/ Berlin \/  12619 Berlin<\/p>\n\n\n\n<p><a href=\"https:\/\/www.facebook.com\/Rennmauszucht-Clan-of-little-Runners-439613552855171\/\" target=\"_blank\" rel=\"noopener noreferrer\" data-rich-text-format-boundary=\"true\">Clan of Little Runners<\/a> \/ Niedersachsen \/ 21629 Neu Wulmstorf<\/p>\n\n\n\n<p><a href=\"https:\/\/www.schlossmaus-zucht.de\/\" target=\"_blank\" rel=\"noreferrer noopener\" aria-label=\" (opens in a new tab)\">Clan der Schlossm\u00e4use<\/a> \/ Schleswig-Holstein \/ 25335 Elmshorn<\/p>\n\n\n\n<p><a aria-label=\" (opens in a new tab)\" href=\"http:\/\/hafenmaeuse.jimdo.com\" target=\"_blank\" rel=\"noreferrer noopener\">Rennmauszucht Hafenm\u00e4use<\/a> \/ Niedersachsen \/  26382 Wilhelmshafen<\/p>\n\n\n\n<p><a aria-label=\" (opens in a new tab)\" href=\"https:\/\/kleine-chaoten.jimdofree.com\/\" target=\"_blank\" rel=\"noreferrer noopener\">Zucht der Kleinen Chaoten<\/a> \/ Hessen \/ 35390 Gie\u00dfen<\/p>\n\n\n\n<p><a aria-label=\" (opens in a new tab)\" href=\"https:\/\/www.clanofblackforest.de\/\" target=\"_blank\" rel=\"noreferrer noopener\">Clan of Black Forest<\/a> \/  Hessen \/ 35394 Gie\u00dfen<\/p>\n\n\n\n<p><a href=\"https:\/\/www.clanofwilddreams.de\/\" target=\"_blank\" rel=\"noreferrer noopener\" aria-label=\" (opens in a new tab)\">Clan of Wild Dreams<\/a> \/ Sachsen-Anhalt \/ 39112 Magdeburg<\/p>\n\n\n\n<p><a aria-label=\" (opens in a new tab)\" href=\"https:\/\/www.facebook.com\/Rennmauszucht-Colourful-furry-gerbils-567630553310954\/\" target=\"_blank\" rel=\"noreferrer noopener\">Colourful Furry Gerbils<\/a> \/ Nordrhein-Westfalen \/ 42xxx Wuppertal<\/p>\n\n\n\n<p><a href=\"http:\/\/www.clanoflennylengo.de\/\" target=\"_blank\" rel=\"noreferrer noopener\" aria-label=\" (opens in a new tab)\">Clan of LennyLengo<\/a> \/ Nordrhein-Westfalen \/ 46117 Oberhausen <\/p>\n\n\n\n<p><a href=\"https:\/\/www.clan-der-ruhrpottnasen.de\/\" target=\"_blank\" rel=\"noopener\" title=\"\">Clan der Ruhrpottnasen<\/a> \/ Nordrhein-Westfalen \/ 46240 Bottrop<\/p>\n\n\n\n<p><a href=\"http:\/\/nadines-wuestenrenner.webnode.com\" target=\"_blank\" rel=\"noreferrer noopener\">Nadines W\u00fcstenrenner<\/a> \/ Bayern \/ 63741 Aschaffenburg<\/p>\n\n\n\n<p><a href=\"http:\/\/muenchnerlandmaeuse.de\" target=\"_blank\" rel=\"noreferrer noopener\">M\u00fcnchner Land M\u00e4use<\/a> \/ Bayern \/ 82054 Sauerlach<\/p>\n\n\n\n<p><a href=\"https:\/\/clanofsamsimar.de.tl\/\" target=\"_blank\" rel=\"noreferrer noopener\" aria-label=\" (opens in a new tab)\">Clan of Samsimar<\/a> \/ Bayern \/ 82210 Germering<\/p>\n\n\n\n<p><a href=\"https:\/\/www.facebook.com\/Rennmauszucht-SChwaben-Renner-438133759558108\/?ref=bookmarks\" target=\"_blank\" rel=\"noreferrer noopener\" aria-label=\" (opens in a new tab)\">Schwaben Renner<\/a> \/ Baden-W\u00fcrttemberg \/ 89522 Heidenheim<\/p>\n\n\n\n<p><a aria-label=\" (opens in a new tab)\" href=\"https:\/\/rennmaus-cadolzburg.jimdofree.com\/\" target=\"_blank\" rel=\"noreferrer noopener\">Sporch-Renner<\/a> \/ Bayern \/ 90556 Cadolzburg<\/p>\n\n\n\n<p>.<\/p>\n\n\n\n<p><strong>Schweiz<\/strong> (nach Kanton) <\/p>\n\n\n\n<p><a href=\"https:\/\/clan-of-happy-runner.jimdosite.com\/\" target=\"_blank\" rel=\"noopener\" title=\"\">Clan of Happy Runner<\/a> \/ 4552 Derendingen \/ Kanton Solothurn<\/p>\n\n\n\n<p><a href=\"https:\/\/www.clan-of-topolino.ch\/\" target=\"_blank\" rel=\"noopener\" title=\"\">Clan of Topolino<\/a> \/ 5630 Muri \/ Kanton Aargau<\/p>\n\n\n\n<p><a href=\"http:\/\/www.clanofvitality.ch\/index.html\" target=\"_blank\" rel=\"noopener\" title=\"\">Clan of Vitaly<\/a> \/ Spreitenbach \/ Kanton Aargau<\/p>\n\n\n\n<p><a href=\"https:\/\/www.clanoftraumhuus.ch\/\" target=\"_blank\" rel=\"noopener\" title=\"\">Clan of Traumhuus<\/a> \/ Kaltenbach\/ Kanton Thurgau<\/p>\n\n\n\n<p><a href=\"https:\/\/www.rennmauszucht-tamsrenner.ch\/\" target=\"_blank\" rel=\"noopener\" title=\"\">Rennmauszucht-Tamsrenner<\/a> \/ 6102 Malters \/ Kanton Luzern<\/p>\n\n\n\n<p><\/p>\n\n\n\n<p><\/p>\n\n\n\n<p>&nbsp;<\/p>\n<p><strong>Niederlande<\/strong><\/p>\n<p><a href=\"http:\/\/www.wessanda.nl\/index.html\" target=\"_blank\" rel=\"noopener noreferrer\">Wessanda<\/a> \/ Gelderland \/ Aalten<\/p>\n<p><a href=\"https:\/\/www.gerbil.nl\/\" target=\"_blank\" rel=\"noopener noreferrer\">Gerbil.nl<\/a> \/ Friesland \/ Oudega<\/p>\n<p><a href=\"https:\/\/www.gerbilshopqueenies.nl\/mijn-gerbilfokkerij\/\" target=\"_blank\" rel=\"noopener noreferrer\">Gerbilfokkerij Queenies<\/a> \/ Zuid-Holland \/ Rotterdam<\/p>\n<p><a href=\"https:\/\/gerbilfokkerijberkelenrodenrijs.weebly.com\/\" target=\"_blank\" rel=\"noopener noreferrer\">Gerbilfokkerij &#8218;t Schubje<\/a> \/ Zuid-Holland \/ Berkel en Rodenrijs<\/p>\n<p><a href=\"https:\/\/www.facebook.com\/gerbilfokkerijcarpediem.nl\" target=\"_blank\" rel=\"noopener noreferrer\">Gerbilfokkerij Carpe Diem<\/a> \/ Overijssel \/ Oldemarkt<\/p>\n<p>&nbsp;<\/p>\n\n\n\n<p><strong>Frankreich<\/strong><\/p>\n<p>Les Gerbilles du Mill\u00e9nium d&#8217;Argent<\/p>\n<h6 class=\"gmql0nx0 l94mrbxd p1ri9a11 lzcic4wl bp9cbjyn j83agx80\" dir=\"auto\" tabindex=\"-1\">Gerbilles Francophones<\/h6>\n<p>Les Gerbilles en Provence &#8211; Elevage<\/p>\n<p>Le M\u00e9rione Merveilleux<\/p>\n<p>Les Gerbilles Ang\u00e9liques<\/p>\n<p><strong>Schweden<\/strong><\/p>\n<p>xxxxxx<\/p>\n<p><strong>Schweiz<\/strong><\/p>\n<p>www.rennerzucht.ch<\/p>\n<p><strong>Finnland<\/strong><\/p>\n<p>xxxx<\/p>\n<p><strong>Polen<\/strong><\/p>\n<p>xxxx<\/p>\n<p><strong>Russland<\/strong><\/p>\n<p>xxx<\/p>\n<p><strong>Italien<\/strong><\/p>\n<p>xxx<\/p>\n<div class=\"pvc_clear\"><\/div><p id=\"pvc_stats_1286\" class=\"pvc_stats all  \" data-element-id=\"1286\" style=\"\"><i class=\"pvc-stats-icon medium\" aria-hidden=\"true\"><svg aria-hidden=\"true\" focusable=\"false\" data-prefix=\"far\" data-icon=\"chart-bar\" role=\"img\" xmlns=\"http:\/\/www.w3.org\/2000\/svg\" viewBox=\"0 0 512 512\" class=\"svg-inline--fa fa-chart-bar fa-w-16 fa-2x\"><path fill=\"currentColor\" d=\"M396.8 352h22.4c6.4 0 12.8-6.4 12.8-12.8V108.8c0-6.4-6.4-12.8-12.8-12.8h-22.4c-6.4 0-12.8 6.4-12.8 12.8v230.4c0 6.4 6.4 12.8 12.8 12.8zm-192 0h22.4c6.4 0 12.8-6.4 12.8-12.8V140.8c0-6.4-6.4-12.8-12.8-12.8h-22.4c-6.4 0-12.8 6.4-12.8 12.8v198.4c0 6.4 6.4 12.8 12.8 12.8zm96 0h22.4c6.4 0 12.8-6.4 12.8-12.8V204.8c0-6.4-6.4-12.8-12.8-12.8h-22.4c-6.4 0-12.8 6.4-12.8 12.8v134.4c0 6.4 6.4 12.8 12.8 12.8zM496 400H48V80c0-8.84-7.16-16-16-16H16C7.16 64 0 71.16 0 80v336c0 17.67 14.33 32 32 32h464c8.84 0 16-7.16 16-16v-16c0-8.84-7.16-16-16-16zm-387.2-48h22.4c6.4 0 12.8-6.4 12.8-12.8v-70.4c0-6.4-6.4-12.8-12.8-12.8h-22.4c-6.4 0-12.8 6.4-12.8 12.8v70.4c0 6.4 6.4 12.8 12.8 12.8z\" class=\"\"><\/path><\/svg><\/i> <img decoding=\"async\" width=\"16\" height=\"16\" alt=\"Loading\" src=\"http:\/\/fotoalbum.clanoflennylengo.de\/wp-content\/plugins\/page-views-count\/ajax-loader-2x.gif\" border=0 \/><\/p><div class=\"pvc_clear\"><\/div>","protected":false},"excerpt":{"rendered":"<p>Z\u00fcchterliste Mongolische Rennm\u00e4use europaweit Deutschland (nach PLZ) Rennmauszucht Dresden \/ Sachsen \/ 01219 Dresden Clan of HappyMice \/ Sachsen \/ 04207 Leipzig Clan of New Dawn \/ Berlin \/ 12619 Berlin Clan der Schlossm\u00e4use \/ Schleswig-Holstein \/ 25335 Elmshorn Rennmauszucht Hafenm\u00e4use \/ Niedersachsen \/ 26382 Wilhelmshafen Zucht der Kleinen Chaoten \/ Hessen \/ 35390 Gie\u00dfen [&hellip;]<\/p>\n<div class=\"pvc_clear\"><\/div>\n<p id=\"pvc_stats_1286\" class=\"pvc_stats all  \" data-element-id=\"1286\" style=\"\"><i class=\"pvc-stats-icon medium\" aria-hidden=\"true\"><svg aria-hidden=\"true\" focusable=\"false\" data-prefix=\"far\" data-icon=\"chart-bar\" role=\"img\" xmlns=\"http:\/\/www.w3.org\/2000\/svg\" viewBox=\"0 0 512 512\" class=\"svg-inline--fa fa-chart-bar fa-w-16 fa-2x\"><path fill=\"currentColor\" d=\"M396.8 352h22.4c6.4 0 12.8-6.4 12.8-12.8V108.8c0-6.4-6.4-12.8-12.8-12.8h-22.4c-6.4 0-12.8 6.4-12.8 12.8v230.4c0 6.4 6.4 12.8 12.8 12.8zm-192 0h22.4c6.4 0 12.8-6.4 12.8-12.8V140.8c0-6.4-6.4-12.8-12.8-12.8h-22.4c-6.4 0-12.8 6.4-12.8 12.8v198.4c0 6.4 6.4 12.8 12.8 12.8zm96 0h22.4c6.4 0 12.8-6.4 12.8-12.8V204.8c0-6.4-6.4-12.8-12.8-12.8h-22.4c-6.4 0-12.8 6.4-12.8 12.8v134.4c0 6.4 6.4 12.8 12.8 12.8zM496 400H48V80c0-8.84-7.16-16-16-16H16C7.16 64 0 71.16 0 80v336c0 17.67 14.33 32 32 32h464c8.84 0 16-7.16 16-16v-16c0-8.84-7.16-16-16-16zm-387.2-48h22.4c6.4 0 12.8-6.4 12.8-12.8v-70.4c0-6.4-6.4-12.8-12.8-12.8h-22.4c-6.4 0-12.8 6.4-12.8 12.8v70.4c0 6.4 6.4 12.8 12.8 12.8z\" class=\"\"><\/path><\/svg><\/i> <img decoding=\"async\" width=\"16\" height=\"16\" alt=\"Loading\" src=\"http:\/\/fotoalbum.clanoflennylengo.de\/wp-content\/plugins\/page-views-count\/ajax-loader-2x.gif\" border=0 \/><\/p>\n<div class=\"pvc_clear\"><\/div>\n","protected":false},"author":1,"featured_media":0,"parent":0,"menu_order":0,"comment_status":"closed","ping_status":"closed","template":"","meta":{"_acf_changed":false,"_eb_attr":"","_monsterinsights_skip_tracking":false,"_monsterinsights_sitenote_active":false,"_monsterinsights_sitenote_note":"","_monsterinsights_sitenote_category":0,"_uf_show_specific_survey":0,"_uf_disable_surveys":false,"ngg_post_thumbnail":0,"two_page_speed":[],"footnotes":""},"class_list":["post-1286","page","type-page","status-publish","hentry"],"acf":[],"aioseo_notices":[],"_links":{"self":[{"href":"http:\/\/fotoalbum.clanoflennylengo.de\/index.php?rest_route=\/wp\/v2\/pages\/1286","targetHints":{"allow":["GET"]}}],"collection":[{"href":"http:\/\/fotoalbum.clanoflennylengo.de\/index.php?rest_route=\/wp\/v2\/pages"}],"about":[{"href":"http:\/\/fotoalbum.clanoflennylengo.de\/index.php?rest_route=\/wp\/v2\/types\/page"}],"author":[{"embeddable":true,"href":"http:\/\/fotoalbum.clanoflennylengo.de\/index.php?rest_route=\/wp\/v2\/users\/1"}],"replies":[{"embeddable":true,"href":"http:\/\/fotoalbum.clanoflennylengo.de\/index.php?rest_route=%2Fwp%2Fv2%2Fcomments&post=1286"}],"version-history":[{"count":33,"href":"http:\/\/fotoalbum.clanoflennylengo.de\/index.php?rest_route=\/wp\/v2\/pages\/1286\/revisions"}],"predecessor-version":[{"id":3331,"href":"http:\/\/fotoalbum.clanoflennylengo.de\/index.php?rest_route=\/wp\/v2\/pages\/1286\/revisions\/3331"}],"wp:attachment":[{"href":"http:\/\/fotoalbum.clanoflennylengo.de\/index.php?rest_route=%2Fwp%2Fv2%2Fmedia&parent=1286"}],"curies":[{"name":"wp","href":"https:\/\/api.w.org\/{rel}","templated":true}]}}